{"id":2853,"date":"2021-04-23T09:43:58","date_gmt":"2021-04-23T07:43:58","guid":{"rendered":"https:\/\/c2b-progres.fr\/?page_id=2853"},"modified":"2022-03-24T09:04:19","modified_gmt":"2022-03-24T08:04:19","slug":"accompagnement-a-la-certification-iso-45001-2018","status":"publish","type":"page","link":"https:\/\/c2b-progres.fr\/index.php\/accompagnement-a-la-certification-iso-45001-2018\/","title":{"rendered":"Faisons un diagnostic de votre organisation et vos outils de pilotage"},"content":{"rendered":"\n<h1 class=\"has-text-align-center has-luminous-vivid-amber-color has-text-color\">Prenez soin de vos collaborateurs !<\/h1>\n\n\n\n<div style=\"height:50px\" aria-hidden=\"true\" class=\"wp-block-spacer\"><\/div>\n\n\n\n<h3><strong>Accompagnement \u201ccl\u00e9s en main\u201d<\/strong><\/h3>\n\n\n\n<div style=\"height:20px\" aria-hidden=\"true\" class=\"wp-block-spacer\"><\/div>\n\n\n\n<p class=\"has-black-color has-text-color\">Vous souhaitez mettre en place votre&nbsp;<strong>Syst\u00e8me de Management de la Sant\u00e9 S\u00e9curit\u00e9 au Travail<\/strong>, mais votre entreprise ne dispose pas des ressources n\u00e9cessaires.<br>Gr\u00e2ce \u00e0 cette formule nous nous occupons aussi de la partie op\u00e9rationnelle !&nbsp;<\/p>\n\n\n\n<p class=\"has-black-color has-text-color\">Nous intervenons dans votre entreprise pour comprendre vos valeurs, votre histoire et vos choix strat\u00e9giques. Nous tenons \u00e0 c\u0153ur de f\u00e9d\u00e9rer vos \u00e9quipes et de les impliquer dans ce projet.<\/p>\n\n\n\n<hr class=\"wp-block-separator has-text-color has-background has-luminous-vivid-amber-background-color has-luminous-vivid-amber-color is-style-dots\"\/>\n\n\n\n<h3><strong>Accompagnement \u201cconseil et co-construction\u201d<\/strong><\/h3>\n\n\n\n<div style=\"height:20px\" aria-hidden=\"true\" class=\"wp-block-spacer\"><\/div>\n\n\n\n<p class=\"has-black-color has-text-color\">Vous souhaitez mettre en place une d\u00e9marche en Sant\u00e9 S\u00e9curit\u00e9 au Travail dans votre entreprise, afin de la piloter de mani\u00e8re plus efficace et vous am\u00e9liorer ?<br>Nous vous aidons \u00e0 avancer pas \u00e0 pas, en vous aidant \u00e0 construire un Syst\u00e8me de Management totalement adapt\u00e9 \u00e0 votre strat\u00e9gie et votre fonctionnement.<br>Pour cette formule, un r\u00e9f\u00e9rent sera d\u00e9sign\u00e9 dans votre entreprise pour g\u00e9rer la partie op\u00e9rationnelle.<\/p>\n\n\n\n<hr class=\"wp-block-separator has-text-color has-background has-luminous-vivid-amber-background-color has-luminous-vivid-amber-color is-style-dots\"\/>\n\n\n\n<h3><strong>La certification n\u2019est pas une obligation !<\/strong><\/h3>\n\n\n\n<div style=\"height:20px\" aria-hidden=\"true\" class=\"wp-block-spacer\"><\/div>\n\n\n\n<p class=\"has-black-color has-text-color\">La raison principale qui pousse les chefs d\u2019entreprises \u00e0 entrer dans une d\u00e9marche en Sant\u00e9 S\u00e9curit\u00e9 au Travail est bien souvent d\u2019obtenir une certification.<br>C2B peut bien entendu vous accompagner jusqu\u2019\u00e0 votre certification, mais nous pouvons aussi vous aider \u00e0 cr\u00e9er tout votre Syst\u00e8me de Management dans le simple but de vous am\u00e9liorer et de progresser.<br>Cette d\u00e9marche vous permettra, entre autre, de mieux analyser les conditions de travail de vos collaborateurs afin d&#8217;agir en pr\u00e9vention.<\/p>\n\n\n\n<div style=\"height:100px\" aria-hidden=\"true\" class=\"wp-block-spacer\"><\/div>\n\n\n\n<div class=\"wp-block-buttons is-content-justification-center\">\n<div class=\"wp-block-button is-style-fill\"><a class=\"wp-block-button__link has-white-color has-luminous-vivid-amber-background-color has-text-color has-background\" href=\"https:\/\/c2b-progres.fr\/index.php\/contact\" target=\"_blank\" rel=\"noreferrer noopener\"><strong>Rencontrons-nous !<\/strong><\/a><\/div>\n<\/div>\n\n\n\n<div style=\"height:100px\" aria-hidden=\"true\" class=\"wp-block-spacer\"><\/div>\n\n\n\n<hr class=\"wp-block-separator has-text-color has-background has-luminous-vivid-amber-background-color has-luminous-vivid-amber-color\"\/>\n\n\n\n<div style=\"height:20px\" aria-hidden=\"true\" class=\"wp-block-spacer\"><\/div>\n\n\n\n<div class=\"wp-block-group\"><div class=\"wp-block-group__inner-container\"><\/div><\/div>\n\n\n\n<div style=\"height:33px\" aria-hidden=\"true\" class=\"wp-block-spacer\"><\/div>\n","protected":false},"excerpt":{"rendered":"<p>Prenez soin de vos collaborateurs ! Accompagnement \u201ccl\u00e9s en main\u201d Vous souhaitez mettre en place votre&nbsp;Syst\u00e8me de Management de la Sant\u00e9 S\u00e9curit\u00e9 au Travail, mais votre entreprise ne dispose pas des ressources n\u00e9cessaires.Gr\u00e2ce \u00e0 cette formule nous nous occupons aussi de la partie op\u00e9rationnelle !&nbsp; Nous intervenons dans votre entreprise pour comprendre vos valeurs, votre&hellip; <br \/> <a class=\"read-more\" href=\"https:\/\/c2b-progres.fr\/index.php\/accompagnement-a-la-certification-iso-45001-2018\/\">Read more<\/a><\/p>\n","protected":false},"author":1,"featured_media":0,"parent":0,"menu_order":0,"comment_status":"closed","ping_status":"closed","template":"","meta":[],"_links":{"self":[{"href":"https:\/\/c2b-progres.fr\/index.php\/wp-json\/wp\/v2\/pages\/2853"}],"collection":[{"href":"https:\/\/c2b-progres.fr\/index.php\/wp-json\/wp\/v2\/pages"}],"about":[{"href":"https:\/\/c2b-progres.fr\/index.php\/wp-json\/wp\/v2\/types\/page"}],"author":[{"embeddable":true,"href":"https:\/\/c2b-progres.fr\/index.php\/wp-json\/wp\/v2\/users\/1"}],"replies":[{"embeddable":true,"href":"https:\/\/c2b-progres.fr\/index.php\/wp-json\/wp\/v2\/comments?post=2853"}],"version-history":[{"count":5,"href":"https:\/\/c2b-progres.fr\/index.php\/wp-json\/wp\/v2\/pages\/2853\/revisions"}],"predecessor-version":[{"id":3248,"href":"https:\/\/c2b-progres.fr\/index.php\/wp-json\/wp\/v2\/pages\/2853\/revisions\/3248"}],"wp:attachment":[{"href":"https:\/\/c2b-progres.fr\/index.php\/wp-json\/wp\/v2\/media?parent=2853"}],"curies":[{"name":"wp","href":"https:\/\/api.w.org\/{rel}","templated":true}]}}